{"id":523,"date":"2024-01-03T10:06:27","date_gmt":"2024-01-03T09:06:27","guid":{"rendered":"https:\/\/teatrodellasignoria.it\/?page_id=523"},"modified":"2024-03-20T11:43:39","modified_gmt":"2024-03-20T10:43:39","slug":"dai-il-tuo-nome-a-uno-spazio-comune","status":"publish","type":"page","link":"https:\/\/teatrodellasignoria.it\/index.php\/dai-il-tuo-nome-a-uno-spazio-comune\/","title":{"rendered":"Dai il tuo Nome a uno spazio comune"},"content":{"rendered":"<div class=\"fusion-fullwidth fullwidth-box fusion-builder-row-1 fusion-flex-container nonhundred-percent-fullwidth non-hundred-percent-height-scrolling\" style=\"--link_hover_color: var(--awb-color1);--link_color: var(--awb-color6);--awb-border-sizes-top:0px;--awb-border-sizes-bottom:0px;--awb-border-sizes-left:0px;--awb-border-sizes-right:0px;--awb-border-color:var(--awb-color3);--awb-border-radius-top-left:0px;--awb-border-radius-top-right:0px;--awb-border-radius-bottom-right:0px;--awb-border-radius-bottom-left:0px;--awb-padding-top:3%;--awb-padding-right:30px;--awb-padding-left:30px;--awb-padding-top-small:30px;--awb-padding-bottom-small:30px;--awb-margin-top:0px;--awb-margin-bottom:0px;--awb-background-color:var(--awb-color1);--awb-flex-wrap:wrap;\" ><div class=\"fusion-builder-row fusion-row fusion-flex-align-items-stretch fusion-flex-content-wrap\" style=\"max-width:1320px;margin-left: calc(-10% \/ 2 );margin-right: calc(-10% \/ 2 );\"><div class=\"fusion-layout-column fusion_builder_column fusion-builder-column-0 fusion_builder_column_1_2 1_2 fusion-flex-column fusion-flex-align-self-flex-start fusion-animated\" style=\"--awb-bg-size:cover;--awb-width-large:50%;--awb-margin-top-large:0px;--awb-spacing-right-large:9%;--awb-margin-bottom-large:0px;--awb-spacing-left-large:9%;--awb-width-medium:50%;--awb-spacing-right-medium:9%;--awb-spacing-left-medium:9%;--awb-width-small:100%;--awb-spacing-right-small:4.5%;--awb-spacing-left-small:4.5%;\" data-animationType=\"fadeInRight\" data-animationDuration=\"1.3\" data-animationOffset=\"top-into-view\"><div class=\"fusion-column-wrapper fusion-column-has-shadow fusion-flex-justify-content-center fusion-content-layout-column\"><div class=\"fusion-title title fusion-title-1 fusion-sep-none fusion-title-text fusion-title-size-five\" style=\"--awb-text-color:var(--awb-color5);--awb-margin-top:0px;--awb-margin-bottom:1%;--awb-margin-top-small:10px;--awb-margin-right-small:0px;--awb-margin-bottom-small:10PX;--awb-margin-left-small:0px;--awb-font-size:var(--awb-typography2-font-size);\"><h5 class=\"fusion-title-heading title-heading-left fusion-responsive-typography-calculated\" style=\"font-family:var(--awb-typography2-font-family);font-weight:var(--awb-typography2-font-weight);font-style:var(--awb-typography2-font-style);margin:0;letter-spacing:var(--awb-typography2-letter-spacing);text-transform:var(--awb-typography2-text-transform);font-size:1em;--fontSize:24;line-height:var(--awb-typography2-line-height);\"><h3 class=\"fusion-title-heading title-heading-left fusion-live-editable medium-editor-element\" role=\"textbox\" contenteditable=\"true\" spellcheck=\"true\" data-inline-parent-cid=\"10\" data-inline-override-color=\"text_color\" data-inline-override-font-size=\"font_size\" data-inline-override-line-height=\"line_height\" data-inline-override-letter-spacing=\"letter_spacing\" data-inline-override-tag=\"size\" data-toolbar=\"full\" data-param=\"element_content\" data-medium-editor-element=\"true\" aria-multiline=\"true\" data-medium-editor-editor-index=\"1\" data-placeholder=\"Your Content Goes Here\" data-medium-focused=\"true\"><b>Dai il tuo nome a uno spazio comune<\/b><\/h3><\/h5><\/div><div class=\"fusion-text fusion-text-1\" style=\"--awb-font-size:var(--awb-typography4-font-size);--awb-line-height:var(--awb-typography4-line-height);--awb-letter-spacing:var(--awb-typography4-letter-spacing);--awb-text-transform:var(--awb-typography4-text-transform);--awb-text-color:var(--awb-color8);--awb-text-font-family:var(--awb-typography4-font-family);--awb-text-font-weight:var(--awb-typography4-font-weight);--awb-text-font-style:var(--awb-typography4-font-style);\"><p><span style=\"font-weight: 400;\">Immagina di lasciare un&#8217;impronta indelebile sulla vivace scena culturale di Firenze &#8211; ora, quest&#8217;opportunit\u00e0 \u00e8 a portata di mano! Apponendo il tuo marchio a uno spazio designato all&#8217;interno del Teatro della Signoria, svolgi un ruolo cruciale nella rinascita di questo storico teatro.<br \/>\n<\/span><\/p>\n<\/div><div class=\"fusion-title title fusion-title-2 fusion-sep-none fusion-title-text fusion-title-size-three\" style=\"--awb-text-color:var(--awb-color8);--awb-margin-top:5%;--awb-margin-bottom:5%;--awb-margin-top-small:10px;--awb-margin-right-small:0px;--awb-margin-bottom-small:10px;--awb-margin-left-small:0px;\"><h3 class=\"fusion-title-heading title-heading-left fusion-responsive-typography-calculated\" style=\"margin:0;--fontSize:36;line-height:var(--awb-typography1-line-height);\"><b>Ecco perch\u00e9 dovresti cogliere questa rara opportunit\u00e0:<\/b><\/h3><\/div><div class=\"fusion-title title fusion-title-3 fusion-sep-none fusion-title-text fusion-title-size-five\" style=\"--awb-text-color:var(--awb-color5);--awb-margin-top:0px;--awb-margin-bottom:1%;--awb-margin-top-small:10px;--awb-margin-right-small:0px;--awb-margin-bottom-small:10PX;--awb-margin-left-small:0px;--awb-font-size:var(--awb-typography2-font-size);\"><h5 class=\"fusion-title-heading title-heading-left fusion-responsive-typography-calculated\" style=\"font-family:var(--awb-typography2-font-family);font-weight:var(--awb-typography2-font-weight);font-style:var(--awb-typography2-font-style);margin:0;letter-spacing:var(--awb-typography2-letter-spacing);text-transform:var(--awb-typography2-text-transform);font-size:1em;--fontSize:24;line-height:var(--awb-typography2-line-height);\"><h3 class=\"fusion-title-heading title-heading-left fusion-live-editable medium-editor-element\" role=\"textbox\" contenteditable=\"true\" spellcheck=\"true\" data-inline-parent-cid=\"20\" data-inline-override-color=\"text_color\" data-inline-override-font-size=\"font_size\" data-inline-override-line-height=\"line_height\" data-inline-override-letter-spacing=\"letter_spacing\" data-inline-override-tag=\"size\" data-toolbar=\"full\" data-param=\"element_content\" data-medium-editor-element=\"true\" aria-multiline=\"true\" data-medium-editor-editor-index=\"10\" data-placeholder=\"Your Content Goes Here\" data-medium-focused=\"true\"><b>Amplifica la Tua Presenza e migliora le tue attivit\u00e0 di Marketing grazie al Teatro della Signoria:<\/b><\/h3><\/h5><\/div><div class=\"fusion-text fusion-text-2\" style=\"--awb-font-size:var(--awb-typography4-font-size);--awb-line-height:var(--awb-typography4-line-height);--awb-letter-spacing:var(--awb-typography4-letter-spacing);--awb-text-transform:var(--awb-typography4-text-transform);--awb-text-color:var(--awb-color8);--awb-text-font-family:var(--awb-typography4-font-family);--awb-text-font-weight:var(--awb-typography4-font-weight);--awb-text-font-style:var(--awb-typography4-font-style);\"><p><span style=\"font-weight: 400;\">Ogni spazio all&#8217;interno di questo teatro ha una storia unica da raccontare. Il tuo marchio legato a uno spazio al Teatro della Signoria rappresenta un potente strumento di marketing. Questa opportunit\u00e0 esclusiva ti consente di espandere la tua portata, catturando un pubblico pi\u00f9 vasto e allineando il tuo marchio ai preziosi valori e agli interessi culturali incarnati dal Teatro della <strong>Signoria.<\/strong><br \/><\/span><\/p>\n<\/div><div class=\"fusion-title title fusion-title-4 fusion-sep-none fusion-title-text fusion-title-size-five\" style=\"--awb-text-color:var(--awb-color5);--awb-margin-top:0px;--awb-margin-bottom:1%;--awb-margin-top-small:10px;--awb-margin-right-small:0px;--awb-margin-bottom-small:10PX;--awb-margin-left-small:0px;--awb-font-size:var(--awb-typography2-font-size);\"><h5 class=\"fusion-title-heading title-heading-left fusion-responsive-typography-calculated\" style=\"font-family:var(--awb-typography2-font-family);font-weight:var(--awb-typography2-font-weight);font-style:var(--awb-typography2-font-style);margin:0;letter-spacing:var(--awb-typography2-letter-spacing);text-transform:var(--awb-typography2-text-transform);font-size:1em;--fontSize:24;line-height:var(--awb-typography2-line-height);\"><h3 class=\"fusion-title-heading title-heading-left fusion-live-editable medium-editor-element\" role=\"textbox\" contenteditable=\"true\" spellcheck=\"true\" data-inline-parent-cid=\"20\" data-inline-override-color=\"text_color\" data-inline-override-font-size=\"font_size\" data-inline-override-line-height=\"line_height\" data-inline-override-letter-spacing=\"letter_spacing\" data-inline-override-tag=\"size\" data-toolbar=\"full\" data-param=\"element_content\" data-medium-editor-element=\"true\" aria-multiline=\"true\" data-medium-editor-editor-index=\"10\" data-placeholder=\"Your Content Goes Here\" data-medium-focused=\"true\"><b>Distingui il Tuo Marchio:<\/b><\/h3><\/h5><\/div><div class=\"fusion-text fusion-text-3\" style=\"--awb-font-size:var(--awb-typography4-font-size);--awb-line-height:var(--awb-typography4-line-height);--awb-letter-spacing:var(--awb-typography4-letter-spacing);--awb-text-transform:var(--awb-typography4-text-transform);--awb-text-color:var(--awb-color8);--awb-text-font-family:var(--awb-typography4-font-family);--awb-text-font-weight:var(--awb-typography4-font-weight);--awb-text-font-style:var(--awb-typography4-font-style);\"><p><span style=\"font-weight: 400;\">In un contesto estremamente competitivo la presenza del tuo marchio in uno spazio al Teatro della Signoria \u00e8 in grado di differenziare efficacemente la tua organizzazione dalle altre. Rappresenta un metodo distintivo e senza paragoni per delineare il tuo marchio, creando un impatto duraturo e memorabile sul tuo pubblico di riferimento.<br \/>\n<\/span><\/p>\n<\/div><\/div><\/div><div class=\"fusion-layout-column fusion_builder_column fusion-builder-column-1 fusion_builder_column_1_2 1_2 fusion-flex-column fusion-flex-align-self-center fusion-animated\" style=\"--awb-bg-size:cover;--awb-width-large:50%;--awb-margin-top-large:0px;--awb-spacing-right-large:9%;--awb-margin-bottom-large:5px;--awb-spacing-left-large:9%;--awb-width-medium:50%;--awb-spacing-right-medium:9%;--awb-spacing-left-medium:9%;--awb-width-small:100%;--awb-spacing-right-small:4.5%;--awb-margin-bottom-small:36px;--awb-spacing-left-small:4.5%;\" data-animationType=\"fadeInLeft\" data-animationDuration=\"1.3\" data-animationOffset=\"top-into-view\"><div class=\"fusion-column-wrapper fusion-column-has-shadow fusion-flex-justify-content-center fusion-content-layout-column\"><div class=\"fusion-image-element \" style=\"--awb-aspect-ratio:9 \/ 16;--awb-caption-overlay-color:var(--awb-color1);--awb-caption-title-font-family:var(--h2_typography-font-family);--awb-caption-title-font-weight:var(--h2_typography-font-weight);--awb-caption-title-font-style:var(--h2_typography-font-style);--awb-caption-title-size:var(--h2_typography-font-size);--awb-caption-title-transform:var(--h2_typography-text-transform);--awb-caption-title-line-height:var(--h2_typography-line-height);--awb-caption-title-letter-spacing:var(--h2_typography-letter-spacing);\"><span class=\" fusion-imageframe imageframe-none imageframe-1 hover-type-none has-aspect-ratio\"><img fetchpriority=\"high\" fetchpriority=\"high\" decoding=\"async\" width=\"1536\" height=\"2048\" title=\"unnamed\" src=\"https:\/\/teatrodellasignoria.it\/wp-content\/uploads\/2024\/01\/unnamed.jpg\" class=\"img-responsive wp-image-776 img-with-aspect-ratio\" data-parent-fit=\"cover\" data-parent-container=\".fusion-image-element\" alt srcset=\"https:\/\/teatrodellasignoria.it\/wp-content\/uploads\/2024\/01\/unnamed-200x267.jpg 200w, https:\/\/teatrodellasignoria.it\/wp-content\/uploads\/2024\/01\/unnamed-400x533.jpg 400w, https:\/\/teatrodellasignoria.it\/wp-content\/uploads\/2024\/01\/unnamed-600x800.jpg 600w, https:\/\/teatrodellasignoria.it\/wp-content\/uploads\/2024\/01\/unnamed-800x1067.jpg 800w, https:\/\/teatrodellasignoria.it\/wp-content\/uploads\/2024\/01\/unnamed-1200x1600.jpg 1200w, https:\/\/teatrodellasignoria.it\/wp-content\/uploads\/2024\/01\/unnamed.jpg 1536w\" sizes=\"(max-width: 640px) 100vw, 600px\" \/><\/span><\/div><\/div><\/div><div class=\"fusion-layout-column fusion_builder_column fusion-builder-column-2 fusion_builder_column_1_1 1_1 fusion-flex-column fusion-flex-align-self-flex-start fusion-animated\" style=\"--awb-bg-size:cover;--awb-width-large:100%;--awb-margin-top-large:0px;--awb-spacing-right-large:4.5%;--awb-margin-bottom-large:0px;--awb-spacing-left-large:4.5%;--awb-width-medium:100%;--awb-spacing-right-medium:4.5%;--awb-spacing-left-medium:4.5%;--awb-width-small:100%;--awb-spacing-right-small:4.5%;--awb-spacing-left-small:4.5%;\" data-animationType=\"fadeInRight\" data-animationDuration=\"1.3\" data-animationOffset=\"top-into-view\"><div class=\"fusion-column-wrapper fusion-column-has-shadow fusion-flex-justify-content-center fusion-content-layout-column\"><div class=\"fusion-title title fusion-title-5 fusion-sep-none fusion-title-text fusion-title-size-five\" style=\"--awb-text-color:var(--awb-color5);--awb-margin-top:0px;--awb-margin-bottom:1%;--awb-margin-top-small:10px;--awb-margin-right-small:0px;--awb-margin-bottom-small:10PX;--awb-margin-left-small:0px;--awb-font-size:var(--awb-typography2-font-size);\"><h5 class=\"fusion-title-heading title-heading-left fusion-responsive-typography-calculated\" style=\"font-family:var(--awb-typography2-font-family);font-weight:var(--awb-typography2-font-weight);font-style:var(--awb-typography2-font-style);margin:0;letter-spacing:var(--awb-typography2-letter-spacing);text-transform:var(--awb-typography2-text-transform);font-size:1em;--fontSize:24;line-height:var(--awb-typography2-line-height);\"><h3 class=\"fusion-title-heading title-heading-left fusion-live-editable medium-editor-element\" role=\"textbox\" contenteditable=\"true\" spellcheck=\"true\" data-inline-parent-cid=\"17\" data-inline-override-color=\"text_color\" data-inline-override-font-size=\"font_size\" data-inline-override-line-height=\"line_height\" data-inline-override-letter-spacing=\"letter_spacing\" data-inline-override-tag=\"size\" data-toolbar=\"full\" data-param=\"element_content\" data-medium-editor-element=\"true\" aria-multiline=\"true\" data-medium-editor-editor-index=\"13\" data-placeholder=\"Your Content Goes Here\" data-medium-focused=\"true\"><b>Espandi la Tua Portata:<\/b><\/h3><\/h5><\/div><div class=\"fusion-text fusion-text-4\" style=\"--awb-font-size:var(--awb-typography4-font-size);--awb-line-height:var(--awb-typography4-line-height);--awb-letter-spacing:var(--awb-typography4-letter-spacing);--awb-text-transform:var(--awb-typography4-text-transform);--awb-text-color:var(--awb-color8);--awb-text-font-family:var(--awb-typography4-font-family);--awb-text-font-weight:var(--awb-typography4-font-weight);--awb-text-font-style:var(--awb-typography4-font-style);\"><p><span style=\"font-weight: 400;\">Nell&#8217;odierna Firenze, il settore delle Arti e del Turismo ha superato il suo passato elitario ed ora accoglie visitatori di ogni estrazione e et\u00e0. Sponsorizzando uno spazio al Teatro della Signoria, ti colleghi a un variegato spettro di viaggiatori in cerca di esperienze culturali coinvolgenti. Il tuo marchio ricever\u00e0 una visibilit\u00e0 senza eguali in una citt\u00e0 che attrae annualmente un incredibile flusso di 16 milioni di turisti.<\/span><\/p>\n<p><span style=\"font-weight: 400;\">Non farti sfuggire questa straordinaria occasione per lasciare il tuo segno nella storia leggendaria del Teatro della Signoria e diventare parte dell&#8217;eredit\u00e0 durevole di questo splendido luogo!<\/span><\/p>\n<p>Per sponsorizzare uno spazio o ottenere ulteriori informazioni su altre opportunit\u00e0 di brandizzazione, ti preghiamo di contattare: <a href=\"mailto:joe@teatrodellasignoria.it\" style=\"\"><b style=\"color: var(--awb-color5);\">joe@teatrodellasignoria.it<\/b><\/a><\/p>\n<\/div><\/div><\/div><\/div><\/div>\n","protected":false},"excerpt":{"rendered":"","protected":false},"author":1,"featured_media":0,"parent":0,"menu_order":0,"comment_status":"closed","ping_status":"closed","template":"100-width.php","meta":{"footnotes":""},"class_list":["post-523","page","type-page","status-publish","hentry"],"jetpack_sharing_enabled":true,"_links":{"self":[{"href":"https:\/\/teatrodellasignoria.it\/index.php\/wp-json\/wp\/v2\/pages\/523","targetHints":{"allow":["GET"]}}],"collection":[{"href":"https:\/\/teatrodellasignoria.it\/index.php\/wp-json\/wp\/v2\/pages"}],"about":[{"href":"https:\/\/teatrodellasignoria.it\/index.php\/wp-json\/wp\/v2\/types\/page"}],"author":[{"embeddable":true,"href":"https:\/\/teatrodellasignoria.it\/index.php\/wp-json\/wp\/v2\/users\/1"}],"replies":[{"embeddable":true,"href":"https:\/\/teatrodellasignoria.it\/index.php\/wp-json\/wp\/v2\/comments?post=523"}],"version-history":[{"count":5,"href":"https:\/\/teatrodellasignoria.it\/index.php\/wp-json\/wp\/v2\/pages\/523\/revisions"}],"predecessor-version":[{"id":1080,"href":"https:\/\/teatrodellasignoria.it\/index.php\/wp-json\/wp\/v2\/pages\/523\/revisions\/1080"}],"wp:attachment":[{"href":"https:\/\/teatrodellasignoria.it\/index.php\/wp-json\/wp\/v2\/media?parent=523"}],"curies":[{"name":"wp","href":"https:\/\/api.w.org\/{rel}","templated":true}]}}