{"id":507,"date":"2024-01-03T10:02:26","date_gmt":"2024-01-03T09:02:26","guid":{"rendered":"https:\/\/teatrodellasignoria.it\/?page_id=507"},"modified":"2024-03-20T19:20:25","modified_gmt":"2024-03-20T18:20:25","slug":"la-nostra-storia","status":"publish","type":"page","link":"https:\/\/teatrodellasignoria.it\/index.php\/la-nostra-storia\/","title":{"rendered":"La Nostra Storia"},"content":{"rendered":"<div class=\"fusion-fullwidth fullwidth-box fusion-builder-row-1 fusion-flex-container nonhundred-percent-fullwidth non-hundred-percent-height-scrolling\" style=\"--link_hover_color: var(--awb-color1);--link_color: var(--awb-color6);--awb-border-sizes-top:0px;--awb-border-sizes-bottom:0px;--awb-border-sizes-left:0px;--awb-border-sizes-right:0px;--awb-border-color:var(--awb-color3);--awb-border-radius-top-left:0px;--awb-border-radius-top-right:0px;--awb-border-radius-bottom-right:0px;--awb-border-radius-bottom-left:0px;--awb-padding-top:80px;--awb-padding-right:30px;--awb-padding-bottom:80px;--awb-padding-left:30px;--awb-padding-top-small:30px;--awb-padding-bottom-small:30px;--awb-margin-top:0px;--awb-margin-bottom:0px;--awb-background-color:var(--awb-color1);--awb-flex-wrap:wrap;\" ><div class=\"fusion-builder-row fusion-row fusion-flex-align-items-stretch fusion-flex-content-wrap\" style=\"max-width:1320px;margin-left: calc(-10% \/ 2 );margin-right: calc(-10% \/ 2 );\"><div class=\"fusion-layout-column fusion_builder_column fusion-builder-column-0 fusion_builder_column_1_2 1_2 fusion-flex-column fusion-animated\" style=\"--awb-bg-size:cover;--awb-width-large:50%;--awb-margin-top-large:0px;--awb-spacing-right-large:9%;--awb-margin-bottom-large:5px;--awb-spacing-left-large:9%;--awb-width-medium:50%;--awb-spacing-right-medium:9%;--awb-spacing-left-medium:9%;--awb-width-small:100%;--awb-spacing-right-small:4.5%;--awb-margin-bottom-small:36px;--awb-spacing-left-small:4.5%;\" data-animationType=\"fadeInLeft\" data-animationDuration=\"1.3\" data-animationOffset=\"top-into-view\"><div class=\"fusion-column-wrapper fusion-column-has-shadow fusion-flex-justify-content-center fusion-content-layout-column\"><div class=\"fusion-image-element \" style=\"--awb-aspect-ratio:2 \/ 3;--awb-object-position:21% 46%;--awb-caption-overlay-color:var(--awb-color1);--awb-caption-title-font-family:var(--h2_typography-font-family);--awb-caption-title-font-weight:var(--h2_typography-font-weight);--awb-caption-title-font-style:var(--h2_typography-font-style);--awb-caption-title-size:var(--h2_typography-font-size);--awb-caption-title-transform:var(--h2_typography-text-transform);--awb-caption-title-line-height:var(--h2_typography-line-height);--awb-caption-title-letter-spacing:var(--h2_typography-letter-spacing);\"><span class=\" fusion-imageframe imageframe-none imageframe-1 hover-type-none has-aspect-ratio\"><img fetchpriority=\"high\" fetchpriority=\"high\" decoding=\"async\" width=\"225\" height=\"300\" title=\"2024-02-12 Teatro interni F2\" src=\"https:\/\/teatrodellasignoria.it\/wp-content\/uploads\/2024\/03\/2024-02-12-Teatro-interni-F2-225x300.jpg\" class=\"img-responsive wp-image-1040 img-with-aspect-ratio\" data-parent-fit=\"cover\" data-parent-container=\".fusion-image-element\" alt srcset=\"https:\/\/teatrodellasignoria.it\/wp-content\/uploads\/2024\/03\/2024-02-12-Teatro-interni-F2-200x267.jpg 200w, https:\/\/teatrodellasignoria.it\/wp-content\/uploads\/2024\/03\/2024-02-12-Teatro-interni-F2-400x533.jpg 400w, https:\/\/teatrodellasignoria.it\/wp-content\/uploads\/2024\/03\/2024-02-12-Teatro-interni-F2-600x800.jpg 600w, https:\/\/teatrodellasignoria.it\/wp-content\/uploads\/2024\/03\/2024-02-12-Teatro-interni-F2-800x1067.jpg 800w, https:\/\/teatrodellasignoria.it\/wp-content\/uploads\/2024\/03\/2024-02-12-Teatro-interni-F2-1200x1600.jpg 1200w, https:\/\/teatrodellasignoria.it\/wp-content\/uploads\/2024\/03\/2024-02-12-Teatro-interni-F2-scaled.jpg 1920w\" sizes=\"(max-width: 640px) 100vw, 600px\" \/><\/span><\/div><\/div><\/div><div class=\"fusion-layout-column fusion_builder_column fusion-builder-column-1 fusion_builder_column_1_2 1_2 fusion-flex-column fusion-flex-align-self-flex-start fusion-animated\" style=\"--awb-bg-size:cover;--awb-width-large:50%;--awb-margin-top-large:0px;--awb-spacing-right-large:9%;--awb-margin-bottom-large:0px;--awb-spacing-left-large:9%;--awb-width-medium:50%;--awb-spacing-right-medium:9%;--awb-spacing-left-medium:9%;--awb-width-small:100%;--awb-spacing-right-small:4.5%;--awb-spacing-left-small:4.5%;\" data-animationType=\"fadeInRight\" data-animationDuration=\"1.3\" data-animationOffset=\"top-into-view\"><div class=\"fusion-column-wrapper fusion-column-has-shadow fusion-flex-justify-content-center fusion-content-layout-column\"><div class=\"fusion-title title fusion-title-1 fusion-sep-none fusion-title-text fusion-title-size-five\" style=\"--awb-text-color:var(--awb-color5);--awb-margin-top:0px;--awb-margin-bottom:10px;--awb-margin-top-small:10px;--awb-margin-right-small:0px;--awb-margin-bottom-small:10PX;--awb-margin-left-small:0px;--awb-font-size:var(--awb-typography2-font-size);\"><h5 class=\"fusion-title-heading title-heading-left fusion-responsive-typography-calculated\" style=\"font-family:var(--awb-typography2-font-family);font-weight:var(--awb-typography2-font-weight);font-style:var(--awb-typography2-font-style);margin:0;letter-spacing:var(--awb-typography2-letter-spacing);text-transform:var(--awb-typography2-text-transform);font-size:1em;--fontSize:24;line-height:var(--awb-typography2-line-height);\">La nostra Storia<\/h5><\/div><div class=\"fusion-title title fusion-title-2 fusion-sep-none fusion-title-text fusion-title-size-three\" style=\"--awb-text-color:var(--awb-color8);--awb-margin-bottom:36px;--awb-margin-top-small:10px;--awb-margin-right-small:0px;--awb-margin-bottom-small:10px;--awb-margin-left-small:0px;\"><h3 class=\"fusion-title-heading title-heading-left fusion-responsive-typography-calculated\" style=\"margin:0;--fontSize:36;line-height:var(--awb-typography1-line-height);\"><span style=\"font-weight: 400;\">Vivi la magia del Teatro della Signoria, dove storia, cultura e arte convergono in perfetta armonia.<\/span><\/h3><\/div><div class=\"fusion-text fusion-text-1 fusion-text-no-margin\" style=\"--awb-font-size:var(--awb-typography4-font-size);--awb-line-height:var(--awb-typography4-line-height);--awb-letter-spacing:var(--awb-typography4-letter-spacing);--awb-text-transform:var(--awb-typography4-text-transform);--awb-text-color:var(--awb-color8);--awb-text-font-family:var(--awb-typography4-font-family);--awb-text-font-weight:var(--awb-typography4-font-weight);--awb-text-font-style:var(--awb-typography4-font-style);\"><p><span style=\"font-weight: 400;\">A due passi dal cuore dell&#8217;incantevole Piazza della Signoria di Firenze, il Teatro della Signoria appena sar\u00e0 inaugurato diverr\u00e0 una testimonianza del tempo, dell&#8217;arte e della resilienza. Con le sue radici che risalgono al XVIII secolo, questo magnifico teatro vanta un&#8217;imponente struttura in legno originale che \u00e8 stata testimone di secoli di evoluzione culturale.<\/span><\/p>\n<p><span style=\"font-weight: 400;\">Sotto la direzione del famoso artista teatrale e regista Hershey Felder, in collaborazione con la propriet\u00e0 del teatro Archea Associati e Marco Casamonti, il Teatro della Signoria \u00e8 pronto a rivendicare il suo ruolo di centro culturale di Firenze. Con un meticoloso restauro, questo straordinario teatro dar\u00e0 ancora una volta vita al cuore di una delle citt\u00e0 pi\u00f9 gloriose del mondo, promettendo di incantare il pubblico e accendere lo spirito dell&#8217;eredit\u00e0 artistica di Firenze per le generazioni a venire. Ti invitiamo a diventare parte di esso!<\/span><\/p>\n<\/div><div class=\"fusion-separator fusion-no-small-visibility fusion-no-medium-visibility fusion-full-width-sep\" style=\"align-self: center;margin-left: auto;margin-right: auto;margin-top:6%;width:100%;\"><div class=\"fusion-separator-border sep-double\" style=\"--awb-height:20px;--awb-amount:20px;border-color:var(--awb-color3);border-top-width:0px;border-bottom-width:0px;\"><\/div><\/div><\/div><\/div><\/div><\/div>\n","protected":false},"excerpt":{"rendered":"","protected":false},"author":1,"featured_media":0,"parent":0,"menu_order":0,"comment_status":"closed","ping_status":"closed","template":"100-width.php","meta":{"footnotes":""},"class_list":["post-507","page","type-page","status-publish","hentry"],"jetpack_sharing_enabled":true,"_links":{"self":[{"href":"https:\/\/teatrodellasignoria.it\/index.php\/wp-json\/wp\/v2\/pages\/507","targetHints":{"allow":["GET"]}}],"collection":[{"href":"https:\/\/teatrodellasignoria.it\/index.php\/wp-json\/wp\/v2\/pages"}],"about":[{"href":"https:\/\/teatrodellasignoria.it\/index.php\/wp-json\/wp\/v2\/types\/page"}],"author":[{"embeddable":true,"href":"https:\/\/teatrodellasignoria.it\/index.php\/wp-json\/wp\/v2\/users\/1"}],"replies":[{"embeddable":true,"href":"https:\/\/teatrodellasignoria.it\/index.php\/wp-json\/wp\/v2\/comments?post=507"}],"version-history":[{"count":9,"href":"https:\/\/teatrodellasignoria.it\/index.php\/wp-json\/wp\/v2\/pages\/507\/revisions"}],"predecessor-version":[{"id":1093,"href":"https:\/\/teatrodellasignoria.it\/index.php\/wp-json\/wp\/v2\/pages\/507\/revisions\/1093"}],"wp:attachment":[{"href":"https:\/\/teatrodellasignoria.it\/index.php\/wp-json\/wp\/v2\/media?parent=507"}],"curies":[{"name":"wp","href":"https:\/\/api.w.org\/{rel}","templated":true}]}}